{"id":1033,"date":"2025-01-16T11:00:50","date_gmt":"2025-01-16T11:00:50","guid":{"rendered":"https:\/\/solar600.com\/?page_id=1033"},"modified":"2025-01-16T11:01:05","modified_gmt":"2025-01-16T11:01:05","slug":"accesibilidad","status":"publish","type":"page","link":"https:\/\/solar600.com\/en\/accesibilidad\/","title":{"rendered":"Accesibilidad"},"content":{"rendered":"<p><strong>Actualizado 15\/03\/2023<\/strong><\/p>\n\n\n\n<p><strong>SOLAR 600 S.L se compromete en hacer accesible su sitio web de conformidad con el\u00a0<\/strong><a href=\"https:\/\/www.boe.es\/diario_boe\/txt.php?id=BOE-A-2018-12699\"><strong>Real Decreto 1112\/2018<\/strong><\/a><strong>, sobre accesibilidad de los sitios webs y aplicaciones para dispositivos m\u00f3viles del sector p\u00fablico.<\/strong><\/p>\n\n\n\n<p>La presente declaraci\u00f3n de accesibilidad se aplica al sitio web a solar600.com<\/p>\n\n\n\n<p><strong>SITUACI\u00d3N DE CUMPLIMIENTO<\/strong><\/p>\n\n\n\n<p>Este sitio web es parcialmente conforme con el&nbsp;<a href=\"https:\/\/www.boe.es\/diario_boe\/txt.php?id=BOE-A-2018-12699\">RD 1112\/2018<\/a>&nbsp;debido a la falta de conformidad de los aspectos que se indican a continuaci\u00f3n.<\/p>\n\n\n\n<p><strong>Contenido no accesible<\/strong><\/p>\n\n\n\n<p>El contenido que se recoge a continuaci\u00f3n no es accesible por lo siguiente:<\/p>\n\n\n\n<p><strong>Falta de conformidad con el RD 1112\/2018<\/strong><\/p>\n\n\n\n<ul class=\"wp-block-list\">\n<li>Se pueden encontrar im\u00e1genes sin que acompa\u00f1e texto explicativo.<\/li>\n\n\n\n<li>Se puede encontrar a\u00fan anidamientos incorrectos de etiquetas.<\/li>\n\n\n\n<li>Podr\u00edan existir fallos de edici\u00f3n en la p\u00e1gina web.<\/li>\n<\/ul>\n\n\n\n<p><strong>Carga desproporcionada<\/strong><\/p>\n\n\n\n<ul class=\"wp-block-list\">\n<li>No aplica.<\/li>\n<\/ul>\n\n\n\n<p><strong>El contenido no entra dentro del \u00e1mbito de la legislaci\u00f3n aplicable.<\/strong><\/p>\n\n\n\n<ul class=\"wp-block-list\">\n<li>Existen archivos ofim\u00e1ticos en PDF que no cumplan en su totalidad todos los requisitos de accesibilidad.<\/li>\n<\/ul>\n\n\n\n<p>La presente declaraci\u00f3n fue preparada el 15 de enero de 2023.<\/p>\n\n\n\n<p>El m\u00e9todo empleado para preparar la declaraci\u00f3n ha sido una autoevaluaci\u00f3n llevada a cabo por el equipo de accesibilidad.<\/p>\n\n\n\n<p>\u00daltima revisi\u00f3n de la declaraci\u00f3n: 12 de enero de 2023.<\/p>\n\n\n\n<p><strong>Observaciones y datos de contacto<\/strong><\/p>\n\n\n\n<p>Puede realizar comunicaciones sobre requisitos de accesibilidad (art\u00edculo 10.2.a) del RD 1112\/2018) como por ejemplo:<\/p>\n\n\n\n<ul class=\"wp-block-list\">\n<li>Informar sobre cualquier posible incumplimiento por parte de este sitio web.<\/li>\n\n\n\n<li>Transmitir otras dificultades de acceso al contenido.<\/li>\n\n\n\n<li>Formular cualquier otra consulta o sugerencia de mejora relativa a la accesibilidad del sitio web.<\/li>\n<\/ul>\n\n\n\n<p>A trav\u00e9s de nuestro buz\u00f3n de sugerencias administracio<a href=\"mailto:n@solar600.com\">n@solar600.com<\/a>, o de manera presencial en nuestra sede: PASEO CASTELLANA, 194 CINK COWORKING.\u00a028046,\u00a0MADRID,\u00a0MADRID<\/p>\n\n\n\n<p>Las comunicaciones ser\u00e1n recibidas y tratadas por el equipo de Accesibilidad.<\/p>\n\n\n\n<p><\/p>","protected":false},"excerpt":{"rendered":"<p>Actualizado 15\/03\/2023 SOLAR 600 S.L se compromete en hacer accesible su sitio web de conformidad con el\u00a0Real Decreto 1112\/2018, sobre accesibilidad de los sitios webs y aplicaciones para dispositivos m\u00f3viles del sector p\u00fablico. La presente declaraci\u00f3n de accesibilidad se aplica al sitio web a solar600.com SITUACI\u00d3N DE CUMPLIMIENTO Este sitio web es parcialmente conforme con [&hellip;]<\/p>","protected":false},"author":1,"featured_media":0,"parent":0,"menu_order":0,"comment_status":"closed","ping_status":"closed","template":"","meta":{"footnotes":""},"class_list":["post-1033","page","type-page","status-publish","hentry"],"yoast_head":"<!-- This site is optimized with the Yoast SEO plugin v24.2 - https:\/\/yoast.com\/wordpress\/plugins\/seo\/ -->\n<title>Accesibilidad - Solar600<\/title>\n<meta name=\"robots\" content=\"noindex, nofollow\" \/>\n<meta property=\"og:locale\" content=\"en_GB\" \/>\n<meta property=\"og:type\" content=\"article\" \/>\n<meta property=\"og:title\" content=\"Accesibilidad - Solar600\" \/>\n<meta property=\"og:description\" content=\"Actualizado 15\/03\/2023 SOLAR 600 S.L se compromete en hacer accesible su sitio web de conformidad con el\u00a0Real Decreto 1112\/2018, sobre accesibilidad de los sitios webs y aplicaciones para dispositivos m\u00f3viles del sector p\u00fablico. La presente declaraci\u00f3n de accesibilidad se aplica al sitio web a solar600.com SITUACI\u00d3N DE CUMPLIMIENTO Este sitio web es parcialmente conforme con [&hellip;]\" \/>\n<meta property=\"og:url\" content=\"https:\/\/solar600.com\/en\/accesibilidad\/\" \/>\n<meta property=\"og:site_name\" content=\"Solar600\" \/>\n<meta property=\"article:modified_time\" content=\"2025-01-16T11:01:05+00:00\" \/>\n<meta name=\"twitter:card\" content=\"summary_large_image\" \/>\n<meta name=\"twitter:label1\" content=\"Estimated reading time\" \/>\n\t<meta name=\"twitter:data1\" content=\"2 minutes\" \/>\n<script type=\"application\/ld+json\" class=\"yoast-schema-graph\">{\"@context\":\"https:\/\/schema.org\",\"@graph\":[{\"@type\":\"WebPage\",\"@id\":\"https:\/\/solar600.com\/accesibilidad\/\",\"url\":\"https:\/\/solar600.com\/accesibilidad\/\",\"name\":\"Accesibilidad - Solar600\",\"isPartOf\":{\"@id\":\"https:\/\/solar600.com\/#website\"},\"datePublished\":\"2025-01-16T11:00:50+00:00\",\"dateModified\":\"2025-01-16T11:01:05+00:00\",\"breadcrumb\":{\"@id\":\"https:\/\/solar600.com\/accesibilidad\/#breadcrumb\"},\"inLanguage\":\"en-GB\",\"potentialAction\":[{\"@type\":\"ReadAction\",\"target\":[\"https:\/\/solar600.com\/accesibilidad\/\"]}]},{\"@type\":\"BreadcrumbList\",\"@id\":\"https:\/\/solar600.com\/accesibilidad\/#breadcrumb\",\"itemListElement\":[{\"@type\":\"ListItem\",\"position\":1,\"name\":\"Portada\",\"item\":\"https:\/\/solar600.com\/\"},{\"@type\":\"ListItem\",\"position\":2,\"name\":\"Accesibilidad\"}]},{\"@type\":\"WebSite\",\"@id\":\"https:\/\/solar600.com\/#website\",\"url\":\"https:\/\/solar600.com\/\",\"name\":\"Solar600\",\"description\":\"Bienvenido al autoconsumo con paneles fotovoltaicos\",\"publisher\":{\"@id\":\"https:\/\/solar600.com\/#organization\"},\"potentialAction\":[{\"@type\":\"SearchAction\",\"target\":{\"@type\":\"EntryPoint\",\"urlTemplate\":\"https:\/\/solar600.com\/?s={search_term_string}\"},\"query-input\":{\"@type\":\"PropertyValueSpecification\",\"valueRequired\":true,\"valueName\":\"search_term_string\"}}],\"inLanguage\":\"en-GB\"},{\"@type\":\"Organization\",\"@id\":\"https:\/\/solar600.com\/#organization\",\"name\":\"Solar600\",\"url\":\"https:\/\/solar600.com\/\",\"logo\":{\"@type\":\"ImageObject\",\"inLanguage\":\"en-GB\",\"@id\":\"https:\/\/solar600.com\/#\/schema\/logo\/image\/\",\"url\":\"https:\/\/solar600.com\/wp-content\/uploads\/2023\/04\/solar600.png\",\"contentUrl\":\"https:\/\/solar600.com\/wp-content\/uploads\/2023\/04\/solar600.png\",\"width\":2053,\"height\":586,\"caption\":\"Solar600\"},\"image\":{\"@id\":\"https:\/\/solar600.com\/#\/schema\/logo\/image\/\"}}]}<\/script>\n<!-- \/ Yoast SEO plugin. -->","yoast_head_json":{"title":"Accesibilidad - Solar600","robots":{"index":"noindex","follow":"nofollow"},"og_locale":"en_GB","og_type":"article","og_title":"Accesibilidad - Solar600","og_description":"Actualizado 15\/03\/2023 SOLAR 600 S.L se compromete en hacer accesible su sitio web de conformidad con el\u00a0Real Decreto 1112\/2018, sobre accesibilidad de los sitios webs y aplicaciones para dispositivos m\u00f3viles del sector p\u00fablico. La presente declaraci\u00f3n de accesibilidad se aplica al sitio web a solar600.com SITUACI\u00d3N DE CUMPLIMIENTO Este sitio web es parcialmente conforme con [&hellip;]","og_url":"https:\/\/solar600.com\/en\/accesibilidad\/","og_site_name":"Solar600","article_modified_time":"2025-01-16T11:01:05+00:00","twitter_card":"summary_large_image","twitter_misc":{"Estimated reading time":"2 minutes"},"schema":{"@context":"https:\/\/schema.org","@graph":[{"@type":"WebPage","@id":"https:\/\/solar600.com\/accesibilidad\/","url":"https:\/\/solar600.com\/accesibilidad\/","name":"Accesibilidad - Solar600","isPartOf":{"@id":"https:\/\/solar600.com\/#website"},"datePublished":"2025-01-16T11:00:50+00:00","dateModified":"2025-01-16T11:01:05+00:00","breadcrumb":{"@id":"https:\/\/solar600.com\/accesibilidad\/#breadcrumb"},"inLanguage":"en-GB","potentialAction":[{"@type":"ReadAction","target":["https:\/\/solar600.com\/accesibilidad\/"]}]},{"@type":"BreadcrumbList","@id":"https:\/\/solar600.com\/accesibilidad\/#breadcrumb","itemListElement":[{"@type":"ListItem","position":1,"name":"Portada","item":"https:\/\/solar600.com\/"},{"@type":"ListItem","position":2,"name":"Accesibilidad"}]},{"@type":"WebSite","@id":"https:\/\/solar600.com\/#website","url":"https:\/\/solar600.com\/","name":"Solar600","description":"Bienvenido al autoconsumo con paneles fotovoltaicos","publisher":{"@id":"https:\/\/solar600.com\/#organization"},"potentialAction":[{"@type":"SearchAction","target":{"@type":"EntryPoint","urlTemplate":"https:\/\/solar600.com\/?s={search_term_string}"},"query-input":{"@type":"PropertyValueSpecification","valueRequired":true,"valueName":"search_term_string"}}],"inLanguage":"en-GB"},{"@type":"Organization","@id":"https:\/\/solar600.com\/#organization","name":"Solar600","url":"https:\/\/solar600.com\/","logo":{"@type":"ImageObject","inLanguage":"en-GB","@id":"https:\/\/solar600.com\/#\/schema\/logo\/image\/","url":"https:\/\/solar600.com\/wp-content\/uploads\/2023\/04\/solar600.png","contentUrl":"https:\/\/solar600.com\/wp-content\/uploads\/2023\/04\/solar600.png","width":2053,"height":586,"caption":"Solar600"},"image":{"@id":"https:\/\/solar600.com\/#\/schema\/logo\/image\/"}}]}},"_links":{"self":[{"href":"https:\/\/solar600.com\/en\/wp-json\/wp\/v2\/pages\/1033","targetHints":{"allow":["GET"]}}],"collection":[{"href":"https:\/\/solar600.com\/en\/wp-json\/wp\/v2\/pages"}],"about":[{"href":"https:\/\/solar600.com\/en\/wp-json\/wp\/v2\/types\/page"}],"author":[{"embeddable":true,"href":"https:\/\/solar600.com\/en\/wp-json\/wp\/v2\/users\/1"}],"replies":[{"embeddable":true,"href":"https:\/\/solar600.com\/en\/wp-json\/wp\/v2\/comments?post=1033"}],"version-history":[{"count":1,"href":"https:\/\/solar600.com\/en\/wp-json\/wp\/v2\/pages\/1033\/revisions"}],"predecessor-version":[{"id":1035,"href":"https:\/\/solar600.com\/en\/wp-json\/wp\/v2\/pages\/1033\/revisions\/1035"}],"wp:attachment":[{"href":"https:\/\/solar600.com\/en\/wp-json\/wp\/v2\/media?parent=1033"}],"curies":[{"name":"wp","href":"https:\/\/api.w.org\/{rel}","templated":true}]}}